{"id":5027,"date":"2021-08-27T09:55:55","date_gmt":"2021-08-27T16:55:55","guid":{"rendered":"https:\/\/okuliving.com\/?page_id=5027"},"modified":"2025-06-18T06:56:13","modified_gmt":"2025-06-18T13:56:13","slug":"connect-with-oku","status":"publish","type":"page","link":"https:\/\/okuliving.com\/zh\/connect-with-oku\/","title":{"rendered":"\u5728 \u014cKU\u6ce8\u518c"},"content":{"rendered":"\t\t<div data-elementor-type=\"wp-page\" data-elementor-id=\"5027\" class=\"elementor elementor-5027\" data-elementor-post-type=\"page\">\n\t\t\t\t\t\t<section class=\"elementor-section elementor-top-section elementor-element elementor-element-262b54c3 elementor-section-full_width animated-slow elementor-section-height-default elementor-section-height-default elementor-invisible\" data-id=\"262b54c3\" data-element_type=\"section\" data-e-type=\"section\" data-settings=\"{&quot;background_background&quot;:&quot;classic&quot;,&quot;animation&quot;:&quot;fadeInUp&quot;,&quot;animation_delay&quot;:500}\">\n\t\t\t\t\t\t<div class=\"elementor-container elementor-column-gap-no\">\n\t\t\t\t\t<div class=\"elementor-column elementor-col-100 elementor-top-column elementor-element elementor-element-39c04932\" data-id=\"39c04932\" data-element_type=\"column\" data-e-type=\"column\">\n\t\t\t<div class=\"elementor-widget-wrap elementor-element-populated\">\n\t\t\t\t\t\t<section class=\"elementor-section elementor-inner-section elementor-element elementor-element-076c515 elementor-section-full_width elementor-section-height-default elementor-section-height-default\" data-id=\"076c515\" data-element_type=\"section\" data-e-type=\"section\">\n\t\t\t\t\t\t<div class=\"elementor-container elementor-column-gap-no\">\n\t\t\t\t\t<div class=\"elementor-column elementor-col-50 elementor-inner-column elementor-element elementor-element-c5c2872\" data-id=\"c5c2872\" data-element_type=\"column\" data-e-type=\"column\">\n\t\t\t<div class=\"elementor-widget-wrap elementor-element-populated\">\n\t\t\t\t\t\t<div class=\"elementor-element elementor-element-d633abc elementor-widget elementor-widget-image\" data-id=\"d633abc\" data-element_type=\"widget\" data-e-type=\"widget\" data-widget_type=\"image.default\">\n\t\t\t\t<div class=\"elementor-widget-container\">\n\t\t\t\t\t\t\t\t\t\t\t\t\t\t\t<img fetchpriority=\"high\" decoding=\"async\" width=\"328\" height=\"233\" src=\"https:\/\/okuliving.com\/wp-content\/uploads\/2021\/08\/oku_logo_black.svg\" class=\"attachment-full size-full wp-image-5029\" alt=\"\u014cku - 64 | Oak\" \/>\t\t\t\t\t\t\t\t\t\t\t\t\t\t\t<\/div>\n\t\t\t\t<\/div>\n\t\t\t\t\t<\/div>\n\t\t<\/div>\n\t\t\t\t<div class=\"elementor-column elementor-col-50 elementor-inner-column elementor-element elementor-element-808c2a8\" data-id=\"808c2a8\" data-element_type=\"column\" data-e-type=\"column\">\n\t\t\t<div class=\"elementor-widget-wrap elementor-element-populated\">\n\t\t\t\t\t\t<div class=\"elementor-element elementor-element-633d355b elementor-widget__width-auto elementor-widget elementor-widget-heading\" data-id=\"633d355b\" data-element_type=\"widget\" data-e-type=\"widget\" data-widget_type=\"heading.default\">\n\t\t\t\t<div class=\"elementor-widget-container\">\n\t\t\t\t\t<h2 class=\"elementor-heading-title elementor-size-default\">Connect with \u014cKU<\/h2>\t\t\t\t<\/div>\n\t\t\t\t<\/div>\n\t\t\t\t<div class=\"elementor-element elementor-element-ae8632b elementor-widget elementor-widget-html\" data-id=\"ae8632b\" data-element_type=\"widget\" data-e-type=\"widget\" data-widget_type=\"html.default\">\n\t\t\t\t<div class=\"elementor-widget-container\">\n\t\t\t\t\t<script src=\"\/\/app.lassocrm.com\/analytics.js\" type=\"text\/javascript\"><\/script>\r\n<script type=\"text\/javascript\">\r\n<!--\r\nvar LassoCRM = LassoCRM || {};\r\n(function(ns){\r\n    ns.tracker = new LassoAnalytics('LAS-610830-01');\r\n})(LassoCRM);\r\ntry {\r\n    LassoCRM.tracker.setTrackingDomain(\"\/\/app.lassocrm.com\");\r\n    LassoCRM.tracker.init();  \/\/ initializes the tracker\r\n    LassoCRM.tracker.track(); \/\/ track() records the page visit with the current page title, to record multiple visits call repeatedly.\r\n    LassoCRM.tracker.patchRegistrationForms();\r\n} catch(error) {}\r\n-->\r\n<\/script>\t\t\t\t<\/div>\n\t\t\t\t<\/div>\n\t\t\t\t<div class=\"elementor-element elementor-element-dd27f75 registrationform elementor-widget elementor-widget-shortcode\" data-id=\"dd27f75\" data-element_type=\"widget\" data-e-type=\"widget\" data-widget_type=\"shortcode.default\">\n\t\t\t\t<div class=\"elementor-widget-container\">\n\t\t\t\t\t\t\t<div class=\"elementor-shortcode\">\n<div class=\"wpcf7 no-js\" id=\"wpcf7-f1012-o1\" lang=\"en-US\" dir=\"ltr\" data-wpcf7-id=\"1012\">\n<div class=\"screen-reader-response\"><p role=\"status\" aria-live=\"polite\" aria-atomic=\"true\"><\/p> <ul><\/ul><\/div>\n<form action=\"\/zh\/wp-json\/wp\/v2\/pages\/5027#wpcf7-f1012-o1\" method=\"post\" class=\"wpcf7-form init\" aria-label=\"Contact form\" novalidate=\"novalidate\" data-status=\"init\">\n<fieldset class=\"hidden-fields-container\"><input type=\"hidden\" name=\"_wpcf7\" value=\"1012\" \/><input type=\"hidden\" name=\"_wpcf7_version\" value=\"6.1.5\" \/><input type=\"hidden\" name=\"_wpcf7_locale\" value=\"en_US\" \/><input type=\"hidden\" name=\"_wpcf7_unit_tag\" value=\"wpcf7-f1012-o1\" \/><input type=\"hidden\" name=\"_wpcf7_container_post\" value=\"0\" \/><input type=\"hidden\" name=\"_wpcf7_posted_data_hash\" value=\"\" \/>\n<\/fieldset>\n<p><input class=\"wpcf7-form-control wpcf7-hiddenhidden\" aria-invalid=\"false\" value=\"\" type=\"hidden\" name=\"guid\" \/><input class=\"wpcf7-form-control wpcf7-hiddenhidden\" aria-invalid=\"false\" value=\"LAS-610830-01\" type=\"hidden\" name=\"domainAccountId\" \/>\n<\/p>\n<div class=\"form-column-1\">\n\t<div class=\"form-group\">\n\t\t<p><label class=\"control-label\" for=\"FirstName\">FIRST NAME*<\/label><br \/>\n<span class=\"wpcf7-form-control-wrap\" data-name=\"FirstName\"><input size=\"40\" maxlength=\"400\" class=\"wpcf7-form-control wpcf7-text wpcf7-validates-as-required\" aria-required=\"true\" aria-invalid=\"false\" value=\"\" type=\"text\" name=\"FirstName\" \/><\/span>\n\t\t<\/p>\n\t<\/div>\n\t<div class=\"form-group\">\n\t\t<p><label class=\"control-label\" for=\"LastName\">LAST NAME*<\/label><br \/>\n<span class=\"wpcf7-form-control-wrap\" data-name=\"LastName\"><input size=\"40\" maxlength=\"400\" class=\"wpcf7-form-control wpcf7-text wpcf7-validates-as-required\" aria-required=\"true\" aria-invalid=\"false\" value=\"\" type=\"text\" name=\"LastName\" \/><\/span>\n\t\t<\/p>\n\t<\/div>\n\t<div class=\"form-group\">\n\t\t<p><label class=\"control-label\" for=\"Emails[Primary]\">EMAIL*<\/label><br \/>\n<span class=\"wpcf7-form-control-wrap\" data-name=\"Emails-Primary\"><input size=\"40\" maxlength=\"400\" class=\"wpcf7-form-control wpcf7-email wpcf7-validates-as-required wpcf7-text wpcf7-validates-as-email\" aria-required=\"true\" aria-invalid=\"false\" value=\"\" type=\"email\" name=\"Emails-Primary\" \/><\/span>\n\t\t<\/p>\n\t<\/div>\n\t<div class=\"form-group\">\n\t\t<p><label class=\"control-label\" for=\"Phones[Home]\">TELEPHONE*<\/label><br \/>\n<span class=\"wpcf7-form-control-wrap\" data-name=\"Phones-Home\"><input size=\"40\" maxlength=\"400\" class=\"wpcf7-form-control wpcf7-tel wpcf7-validates-as-required wpcf7-text wpcf7-validates-as-tel\" aria-required=\"true\" aria-invalid=\"false\" value=\"\" type=\"tel\" name=\"Phones-Home\" \/><\/span>\n\t\t<\/p>\n\t<\/div>\n\t<div class=\"form-group\">\n\t\t<p><label class=\"control-label\" for=\"City\">CITY*<\/label><br \/>\n<span class=\"wpcf7-form-control-wrap\" data-name=\"City\"><input size=\"40\" maxlength=\"400\" class=\"wpcf7-form-control wpcf7-text wpcf7-validates-as-required\" aria-required=\"true\" aria-invalid=\"false\" value=\"\" type=\"text\" name=\"City\" \/><\/span>\n\t\t<\/p>\n\t<\/div>\n\t<div class=\"form-group\">\n\t\t<p><label class=\"control-label\" for=\"Province\">PROVINCE<\/label><br \/>\n<span class=\"wpcf7-form-control-wrap\" data-name=\"Province\"><input size=\"40\" maxlength=\"400\" class=\"wpcf7-form-control wpcf7-text\" aria-invalid=\"false\" value=\"\" type=\"text\" name=\"Province\" \/><\/span>\n\t\t<\/p>\n\t<\/div>\n\t<div class=\"form-group\">\n\t\t<p><label class=\"control-label\" for=\"PostalCode\">POSTAL CODE*<\/label><br \/>\n<span class=\"wpcf7-form-control-wrap\" data-name=\"PostalCode\"><input size=\"40\" maxlength=\"400\" class=\"wpcf7-form-control wpcf7-text wpcf7-validates-as-required\" aria-required=\"true\" aria-invalid=\"false\" value=\"\" type=\"text\" name=\"PostalCode\" \/><\/span>\n\t\t<\/p>\n\t<\/div>\n<\/div>\n<div class=\"form-column-2\">\n\t<div class=\"form-group\">\n\t\t<p><label class=\"control-label\">ARE YOU A REALTOR?*<\/label><br \/>\n<span class=\"wpcf7-form-control-wrap\" data-name=\"Questions-110013\"><select class=\"wpcf7-form-control wpcf7-select wpcf7-validates-as-required\" aria-required=\"true\" aria-invalid=\"false\" name=\"Questions-110013\"><option value=\"\">&#8212;Please choose an option&#8212;<\/option><option value=\"Yes\">Yes<\/option><option value=\"No\">No<\/option><\/select><\/span>\n\t\t<\/p>\n\t<\/div>\n\t<div class=\"form-group\">\n\t\t<p><label class=\"control-label\">ARE YOU WORKING WITH A REALTOR?<\/label><br \/>\n<span class=\"wpcf7-form-control-wrap\" data-name=\"Questions-110014\"><select class=\"wpcf7-form-control wpcf7-select\" aria-invalid=\"false\" name=\"Questions-110014\"><option value=\"\">&#8212;Please choose an option&#8212;<\/option><option value=\"Yes\">Yes<\/option><option value=\"No\">No<\/option><\/select><\/span>\n\t\t<\/p>\n\t<\/div>\n\t<div class=\"form-group\">\n\t\t<p><label class=\"control-label\">HOW DID YOU HEAR ABOUT US?*<\/label><br \/>\n<span class=\"wpcf7-form-control-wrap\" data-name=\"Questions-110015\"><select class=\"wpcf7-form-control wpcf7-select wpcf7-validates-as-required\" aria-required=\"true\" aria-invalid=\"false\" name=\"Questions-110015\"><option value=\"\">&#8212;Please choose an option&#8212;<\/option><option value=\"BuzzBuzzHome.com\">BuzzBuzzHome.com<\/option><option value=\"Daily Hive\">Daily Hive<\/option><option value=\"Facebook\">Facebook<\/option><option value=\"Family\/Friends\">Family\/Friends<\/option><option value=\"Instagram\">Instagram<\/option><option value=\"Online Search\">Online Search<\/option><option value=\"Other\">Other<\/option><option value=\"Print Ads\">Print Ads<\/option><option value=\"Realtor\">Realtor<\/option><option value=\"REW\">REW<\/option><option value=\"Signage\">Signage<\/option><option value=\"WeChat\">WeChat<\/option><option value=\"Vanpeople\">Vanpeople<\/option><option value=\"\u52a0\u897f\u7f51\">\u52a0\u897f\u7f51<\/option><\/select><\/span>\n\t\t<\/p>\n\t<\/div>\n\t<div class=\"form-group-checkbox\">\n\t\t<div class=\"checkbox\">\n\t\t\t<p><label class=\"control-label\"><br \/>\n<span class=\"wpcf7-form-control-wrap\" data-name=\"Questions-110178-\"><span class=\"wpcf7-form-control wpcf7-checkbox wpcf7-validates-as-required\"><span class=\"wpcf7-list-item first last\"><input type=\"checkbox\" name=\"Questions-110178-[]\" value=\"Please check box to confirm your interest in \u014cku.*\" \/><span class=\"wpcf7-list-item-label\">Please check box to confirm your interest in \u014cku.*<\/span><\/span><\/span><\/span><br \/>\n<\/label>\n\t\t\t<\/p>\n\t\t<\/div>\n\t<\/div>\n\t<div class=\"form-group\">\n\t\t<p><span id=\"wpcf7-69d29e4947ca7-wrapper\" class=\"wpcf7-form-control-wrap your-website-url-wrap\" style=\"display:none !important; visibility:hidden !important;\"><label for=\"wpcf7-69d29e4947ca7-field\" class=\"hp-message\">Please leave this field empty.<\/label><input id=\"wpcf7-69d29e4947ca7-field\"  class=\"wpcf7-form-control wpcf7-text\" type=\"text\" name=\"your-website-url\" value=\"\" size=\"40\" tabindex=\"-1\" autocomplete=\"new-password\" \/><\/span>\n\t\t<\/p>\n\t<\/div>\n\t<div class=\"form-group_submit\">\n\t\t<p><input class=\"wpcf7-form-control wpcf7-submit has-spinner\" type=\"submit\" value=\"Submit\" \/>\n\t\t<\/p>\n\t<\/div>\n\t<div class=\"form_required_note\">\n\t\t<p>* required\n\t\t<\/p>\n\t<\/div>\n<\/div><div class=\"wpcf7-response-output\" aria-hidden=\"true\"><\/div>\n<\/form>\n<\/div>\n<\/div>\n\t\t\t\t\t\t<\/div>\n\t\t\t\t<\/div>\n\t\t\t\t<div class=\"elementor-element elementor-element-11d12f7 elementor-widget elementor-widget-html\" data-id=\"11d12f7\" data-element_type=\"widget\" data-e-type=\"widget\" data-widget_type=\"html.default\">\n\t\t\t\t<div class=\"elementor-widget-container\">\n\t\t\t\t\t<script>\r\ndocument.addEventListener( 'wpcf7mailsent', function( event ) {\r\nlocation = '\/thank-you\/';\r\n}, false );\r\n<\/script>\t\t\t\t<\/div>\n\t\t\t\t<\/div>\n\t\t\t\t\t<\/div>\n\t\t<\/div>\n\t\t\t\t\t<\/div>\n\t\t<\/section>\n\t\t\t\t\t<\/div>\n\t\t<\/div>\n\t\t\t\t\t<\/div>\n\t\t<\/section>\n\t\t\t\t<\/div>\n\t\t","protected":false},"excerpt":{"rendered":"<p>\u5728 \u014cKU\u6ce8\u518c<\/p>","protected":false},"author":3,"featured_media":0,"parent":0,"menu_order":60,"comment_status":"closed","ping_status":"closed","template":"elementor_header_footer","meta":{"footnotes":""},"class_list":["post-5027","page","type-page","status-publish","hentry"],"yoast_head":"<!-- This site is optimized with the Yoast SEO plugin v27.3 - https:\/\/yoast.com\/product\/yoast-seo-wordpress\/ -->\n<title>Connect with \u014cKU - \u014cku - 64 | Oak<\/title>\n<meta name=\"robots\" content=\"index, follow, max-snippet:-1, max-image-preview:large, max-video-preview:-1\" \/>\n<link rel=\"canonical\" href=\"https:\/\/okuliving.com\/zh\/connect-with-oku\/\" \/>\n<meta property=\"og:locale\" content=\"zh_CN\" \/>\n<meta property=\"og:type\" content=\"article\" \/>\n<meta property=\"og:title\" content=\"Connect with \u014cKU - \u014cku - 64 | Oak\" \/>\n<meta property=\"og:description\" content=\"Connect with \u014cKU\" \/>\n<meta property=\"og:url\" content=\"https:\/\/okuliving.com\/zh\/connect-with-oku\/\" \/>\n<meta property=\"og:site_name\" content=\"\u014cku - 64 | Oak\" \/>\n<meta property=\"article:modified_time\" content=\"2025-06-18T13:56:13+00:00\" \/>\n<meta name=\"twitter:card\" content=\"summary_large_image\" \/>\n<meta name=\"twitter:label1\" content=\"\u9884\u8ba1\u9605\u8bfb\u65f6\u95f4\" \/>\n\t<meta name=\"twitter:data1\" content=\"1 \u5206\" \/>\n<script type=\"application\/ld+json\" class=\"yoast-schema-graph\">{\"@context\":\"https:\\\/\\\/schema.org\",\"@graph\":[{\"@type\":\"WebPage\",\"@id\":\"https:\\\/\\\/okuliving.com\\\/connect-with-oku\\\/\",\"url\":\"https:\\\/\\\/okuliving.com\\\/connect-with-oku\\\/\",\"name\":\"Connect with \u014cKU - \u014cku - 64 | Oak\",\"isPartOf\":{\"@id\":\"https:\\\/\\\/okuliving.com\\\/#website\"},\"primaryImageOfPage\":{\"@id\":\"https:\\\/\\\/okuliving.com\\\/connect-with-oku\\\/#primaryimage\"},\"image\":{\"@id\":\"https:\\\/\\\/okuliving.com\\\/connect-with-oku\\\/#primaryimage\"},\"thumbnailUrl\":\"https:\\\/\\\/okuliving.com\\\/wp-content\\\/uploads\\\/2021\\\/08\\\/oku_logo_black.svg\",\"datePublished\":\"2021-08-27T16:55:55+00:00\",\"dateModified\":\"2025-06-18T13:56:13+00:00\",\"breadcrumb\":{\"@id\":\"https:\\\/\\\/okuliving.com\\\/connect-with-oku\\\/#breadcrumb\"},\"inLanguage\":\"zh-Hans\",\"potentialAction\":[{\"@type\":\"ReadAction\",\"target\":[\"https:\\\/\\\/okuliving.com\\\/connect-with-oku\\\/\"]}]},{\"@type\":\"ImageObject\",\"inLanguage\":\"zh-Hans\",\"@id\":\"https:\\\/\\\/okuliving.com\\\/connect-with-oku\\\/#primaryimage\",\"url\":\"https:\\\/\\\/okuliving.com\\\/wp-content\\\/uploads\\\/2021\\\/08\\\/oku_logo_black.svg\",\"contentUrl\":\"https:\\\/\\\/okuliving.com\\\/wp-content\\\/uploads\\\/2021\\\/08\\\/oku_logo_black.svg\"},{\"@type\":\"BreadcrumbList\",\"@id\":\"https:\\\/\\\/okuliving.com\\\/connect-with-oku\\\/#breadcrumb\",\"itemListElement\":[{\"@type\":\"ListItem\",\"position\":1,\"name\":\"Home\",\"item\":\"https:\\\/\\\/okuliving.com\\\/\"},{\"@type\":\"ListItem\",\"position\":2,\"name\":\"Connect with \u014cKU\"}]},{\"@type\":\"WebSite\",\"@id\":\"https:\\\/\\\/okuliving.com\\\/#website\",\"url\":\"https:\\\/\\\/okuliving.com\\\/\",\"name\":\"\u014cku - 64 | Oak\",\"description\":\"INNOVATIVE LIVING IN THE CENTRE OF THE WESTSIDE\",\"publisher\":{\"@id\":\"https:\\\/\\\/okuliving.com\\\/#organization\"},\"potentialAction\":[{\"@type\":\"SearchAction\",\"target\":{\"@type\":\"EntryPoint\",\"urlTemplate\":\"https:\\\/\\\/okuliving.com\\\/?s={search_term_string}\"},\"query-input\":{\"@type\":\"PropertyValueSpecification\",\"valueRequired\":true,\"valueName\":\"search_term_string\"}}],\"inLanguage\":\"zh-Hans\"},{\"@type\":\"Organization\",\"@id\":\"https:\\\/\\\/okuliving.com\\\/#organization\",\"name\":\"\u014cku - 64 | Oak\",\"url\":\"https:\\\/\\\/okuliving.com\\\/\",\"logo\":{\"@type\":\"ImageObject\",\"inLanguage\":\"zh-Hans\",\"@id\":\"https:\\\/\\\/okuliving.com\\\/#\\\/schema\\\/logo\\\/image\\\/\",\"url\":\"https:\\\/\\\/okuliving.com\\\/wp-content\\\/uploads\\\/2021\\\/08\\\/oku_logo.svg\",\"contentUrl\":\"https:\\\/\\\/okuliving.com\\\/wp-content\\\/uploads\\\/2021\\\/08\\\/oku_logo.svg\",\"caption\":\"\u014cku - 64 | Oak\"},\"image\":{\"@id\":\"https:\\\/\\\/okuliving.com\\\/#\\\/schema\\\/logo\\\/image\\\/\"}}]}<\/script>\n<!-- \/ Yoast SEO plugin. -->","yoast_head_json":{"title":"Connect with \u014cKU - \u014cku - 64 | Oak","robots":{"index":"index","follow":"follow","max-snippet":"max-snippet:-1","max-image-preview":"max-image-preview:large","max-video-preview":"max-video-preview:-1"},"canonical":"https:\/\/okuliving.com\/zh\/connect-with-oku\/","og_locale":"zh_CN","og_type":"article","og_title":"Connect with \u014cKU - \u014cku - 64 | Oak","og_description":"Connect with \u014cKU","og_url":"https:\/\/okuliving.com\/zh\/connect-with-oku\/","og_site_name":"\u014cku - 64 | Oak","article_modified_time":"2025-06-18T13:56:13+00:00","twitter_card":"summary_large_image","twitter_misc":{"\u9884\u8ba1\u9605\u8bfb\u65f6\u95f4":"1 \u5206"},"schema":{"@context":"https:\/\/schema.org","@graph":[{"@type":"WebPage","@id":"https:\/\/okuliving.com\/connect-with-oku\/","url":"https:\/\/okuliving.com\/connect-with-oku\/","name":"Connect with \u014cKU - \u014cku - 64 | Oak","isPartOf":{"@id":"https:\/\/okuliving.com\/#website"},"primaryImageOfPage":{"@id":"https:\/\/okuliving.com\/connect-with-oku\/#primaryimage"},"image":{"@id":"https:\/\/okuliving.com\/connect-with-oku\/#primaryimage"},"thumbnailUrl":"https:\/\/okuliving.com\/wp-content\/uploads\/2021\/08\/oku_logo_black.svg","datePublished":"2021-08-27T16:55:55+00:00","dateModified":"2025-06-18T13:56:13+00:00","breadcrumb":{"@id":"https:\/\/okuliving.com\/connect-with-oku\/#breadcrumb"},"inLanguage":"zh-Hans","potentialAction":[{"@type":"ReadAction","target":["https:\/\/okuliving.com\/connect-with-oku\/"]}]},{"@type":"ImageObject","inLanguage":"zh-Hans","@id":"https:\/\/okuliving.com\/connect-with-oku\/#primaryimage","url":"https:\/\/okuliving.com\/wp-content\/uploads\/2021\/08\/oku_logo_black.svg","contentUrl":"https:\/\/okuliving.com\/wp-content\/uploads\/2021\/08\/oku_logo_black.svg"},{"@type":"BreadcrumbList","@id":"https:\/\/okuliving.com\/connect-with-oku\/#breadcrumb","itemListElement":[{"@type":"ListItem","position":1,"name":"Home","item":"https:\/\/okuliving.com\/"},{"@type":"ListItem","position":2,"name":"Connect with \u014cKU"}]},{"@type":"WebSite","@id":"https:\/\/okuliving.com\/#website","url":"https:\/\/okuliving.com\/","name":"\u014cku - 64 | Oak","description":"INNOVATIVE LIVING IN THE CENTRE OF THE WESTSIDE","publisher":{"@id":"https:\/\/okuliving.com\/#organization"},"potentialAction":[{"@type":"SearchAction","target":{"@type":"EntryPoint","urlTemplate":"https:\/\/okuliving.com\/?s={search_term_string}"},"query-input":{"@type":"PropertyValueSpecification","valueRequired":true,"valueName":"search_term_string"}}],"inLanguage":"zh-Hans"},{"@type":"Organization","@id":"https:\/\/okuliving.com\/#organization","name":"\u014cku - 64 | Oak","url":"https:\/\/okuliving.com\/","logo":{"@type":"ImageObject","inLanguage":"zh-Hans","@id":"https:\/\/okuliving.com\/#\/schema\/logo\/image\/","url":"https:\/\/okuliving.com\/wp-content\/uploads\/2021\/08\/oku_logo.svg","contentUrl":"https:\/\/okuliving.com\/wp-content\/uploads\/2021\/08\/oku_logo.svg","caption":"\u014cku - 64 | Oak"},"image":{"@id":"https:\/\/okuliving.com\/#\/schema\/logo\/image\/"}}]}},"_links":{"self":[{"href":"https:\/\/okuliving.com\/zh\/wp-json\/wp\/v2\/pages\/5027","targetHints":{"allow":["GET"]}}],"collection":[{"href":"https:\/\/okuliving.com\/zh\/wp-json\/wp\/v2\/pages"}],"about":[{"href":"https:\/\/okuliving.com\/zh\/wp-json\/wp\/v2\/types\/page"}],"author":[{"embeddable":true,"href":"https:\/\/okuliving.com\/zh\/wp-json\/wp\/v2\/users\/3"}],"replies":[{"embeddable":true,"href":"https:\/\/okuliving.com\/zh\/wp-json\/wp\/v2\/comments?post=5027"}],"version-history":[{"count":0,"href":"https:\/\/okuliving.com\/zh\/wp-json\/wp\/v2\/pages\/5027\/revisions"}],"wp:attachment":[{"href":"https:\/\/okuliving.com\/zh\/wp-json\/wp\/v2\/media?parent=5027"}],"curies":[{"name":"wp","href":"https:\/\/api.w.org\/{rel}","templated":true}]}}