{"id":3014,"date":"2021-08-19T11:35:17","date_gmt":"2021-08-19T18:35:17","guid":{"rendered":"https:\/\/okuliving.com\/?page_id=3014"},"modified":"2021-08-19T13:56:06","modified_gmt":"2021-08-19T20:56:06","slug":"privacy-policy","status":"publish","type":"page","link":"https:\/\/okuliving.com\/zh\/privacy-policy\/","title":{"rendered":"\u9690\u79c1\u6761\u7ea6"},"content":{"rendered":"<div data-elementor-type=\"wp-page\" data-elementor-id=\"3014\" class=\"elementor elementor-3014\" data-elementor-post-type=\"page\">\n\t\t\t\t\t\t<section class=\"elementor-section elementor-top-section elementor-element elementor-element-ec2e1d2 elementor-section-boxed elementor-section-height-default elementor-section-height-default\" data-id=\"ec2e1d2\" data-element_type=\"section\" data-e-type=\"section\">\n\t\t\t\t\t\t<div class=\"elementor-container elementor-column-gap-default\">\n\t\t\t\t\t<div class=\"elementor-column elementor-col-100 elementor-top-column elementor-element elementor-element-925f83f\" data-id=\"925f83f\" data-element_type=\"column\" data-e-type=\"column\">\n\t\t\t<div class=\"elementor-widget-wrap elementor-element-populated\">\n\t\t\t\t\t\t<div class=\"elementor-element elementor-element-cb2cb56 elementor-widget elementor-widget-heading\" data-id=\"cb2cb56\" data-element_type=\"widget\" data-e-type=\"widget\" data-widget_type=\"heading.default\">\n\t\t\t\t<div class=\"elementor-widget-container\">\n\t\t\t\t\t<h2 class=\"elementor-heading-title elementor-size-default\">\u9690\u79c1\u6761\u7ea6<\/h2>\t\t\t\t<\/div>\n\t\t\t\t<\/div>\n\t\t\t\t<div class=\"elementor-element elementor-element-1896d48 elementor-widget elementor-widget-text-editor\" data-id=\"1896d48\" data-element_type=\"widget\" data-e-type=\"widget\" data-widget_type=\"text-editor.default\">\n\t\t\t\t<div class=\"elementor-widget-container\">\n\t\t\t\t\t\t\t\t\t<p>Ulmus Oku Development Ltd. is the developer at \u014cku &#8211; 64 | Oak and is committed to collecting, using and disclosing the Personal Information provided to it by visitors to the \u014cku &#8211; 64 | Oak website found at: <a href=\"https:\/\/okuliving.com\/zh\/\">https:\/\/okuliving.com\/<\/a> (the \u201cSite\u201d) in compliance with all applicable federal and provincial privacy laws in Canada (Privacy Legislation).<\/p><p><strong>PLEASE READ THIS PRIVACY POLICY CAREFULLY AS YOUR USE OF THE WEB SITE CONSTITUTES YOUR ACCEPTANCE OF THIS PRIVACY POLICY AND ANY SUBSEQUENT MODIFICATIONS THERETO, INCLUDING, WITHOUT LIMITATION, YOUR CONSENT TO THE COLLECTION, STORAGE, USE AND DISCLOSURE OF YOUR PERSONAL INFORMATION AS SET OUT HEREIN. IF YOU DO NOT AGREE WITH ANY OF THE TERMS OF THIS PRIVACY POLICY, PLEASE DISCONTINUE USE OF THE WEB SITE.<br \/><\/strong><\/p><p><strong>1. What is Personal Information?<\/strong><\/p><p>The term \u201cPersonal Information\u201d within this Privacy Policy means information about an identifiable individual, but does not include business information such as an individual\u2019s name, position name or title, business telephone number, business address, business e-mail, business fax number and other similar business information (as long as such information is used for contacting the individual in relation to the individual\u2019s business responsibilities and for no other purpose); or aggregated information that cannot be associated with a specific individual.<\/p><p><strong>2. Personal Information Collected Through \u014cku &#8211; 64 | Oak\u2019s Website<\/strong><\/p><p>A visitor to the Site does not automatically provide \u014cku &#8211; 64 | Oak with Personal Information. However, the \u014cku &#8211; 64 | Oak web server may collect and retain certain information related to a computer\u2019s visit to the Site such as the IP address and domain used to access the Site, the type and version of the browser used to access the Site, the date and time of the visit, the page that the Site was entered and exited by; and, the address of any referrer website if the visiting computer was referred to the Site by a search engine or other website.<\/p><p><strong>Google Analytics<\/strong><\/p><p>The Site uses Google Analytics\u2122 to record the IP addresses of computers that connect to the Site. Google Analytics\u2122 uses these addresses to generate geographically related statistics which assist \u014cku &#8211; 64 | Oak with the administration of the Site. \u014cku &#8211; 64 | Oak does not attempt to link the IP addresses of the computers that have visited the Site with the identities of individuals. More information regarding Google Analytics\u2122 can be found at <a href=\"http:\/\/www.google.com\/intl\/en\/analytics\/privacyoverview.html\" target=\"_blank\" rel=\"noopener\">http:\/\/www.google.com\/intl\/en\/analytics\/privacyoverview.html<\/a>.<\/p><p><strong>Cookies<\/strong><\/p><p>The Site also uses \u201ccookies\u201d which are small data files transferred to a user\u2019s hard drive by the web browser when a user visits the Site. A transferred cookie can only be read by the Site when a user returns to the Site. Cookies are used to identify users and track their preferences so that a user\u2019s experience with the Site may be customized accordingly. If a user does not want to have a cookie placed upon their hard drive by the Site, most web browsers allow users to change this preference to disallow cookies; however, note that this could change the functionality of the Site.<\/p><p><strong>Google Ads<\/strong><\/p><p>Google, as a third party vendor, uses cookies to serve ads.<\/p><p>Google\u2019s use of the DART cookie enables it to serve ads to visitors based on their visit to sites they visit on the Internet.<\/p><p>Website visitors may opt out of the use of the DART cookie by visiting the Google ad and content network privacy policy.<\/p><p><strong>FACEBOOK PERMISSIONS ASKED BY THIS APPLICATION<\/strong><\/p><p><strong>This Application may ask for some Facebook permissions allowing it to perform actions with the User\u2019s Facebook account and to retrieve information, including Personal Data, from it.<\/strong><\/p><p><strong>For more information about the following permissions, refer to the <a href=\"https:\/\/developers.facebook.com\/docs\/authentication\/permissions\/\" target=\"_blank\" rel=\"noopener\">Facebook permissions documentation<\/a> and to the <a href=\"https:\/\/www.facebook.com\/about\/privacy\/\" target=\"_blank\" rel=\"noopener\">Facebook privacy policy<\/a>.<\/strong><\/p><p>\u00a0<\/p><p><strong>The permissions asked are the following:<\/strong><\/p><p><strong>BASIC INFORMATION<\/strong><br \/>By default, this includes certain User\u2019s Data such as id, name, picture, gender, and their locale. Certain connections of the User, such as the Friends, are also available. If the User has made more of their Data public, more information will be available.<\/p><p><strong>ABOUT ME<\/strong><br \/>Provides access to the \u2018About Me\u2019 section of the profile.<\/p><p><strong>ACCESS FRIEND LISTS<\/strong><br \/>Provides access to any friend lists the User created.<\/p><p><strong>ACCESS PRIVATE DATA<\/strong><br \/>Access the User\u2019s and friends\u2019 private data.<\/p><p><strong>ACTIVITIES<\/strong><br \/>Provides access to the User\u2019s list of activities.<\/p><p><strong>APP NOTIFICATIONS<\/strong><br \/>Send notifications.<\/p><p><strong>BIRTHDAY<\/strong><br \/>Provides access to the birthday.<\/p><p><strong>CONTACT EMAIL<\/strong><br \/>Access the User\u2019s contact email address.<\/p><p><strong>CURRENT CITY<\/strong><br \/>Provides access to the User\u2019s current location.<\/p><p><strong>EMAIL<\/strong><br \/>Provides access to the User\u2019s primary email address.<\/p><p><strong>INTERESTS<\/strong><br \/>Provides access to the User\u2019s list of interests.<\/p><p><strong>LIKES<\/strong><br \/>Provides access to the list of all of the pages the User has liked.<\/p><p><strong>STATUS<\/strong><br \/>Provides access to the User\u2019s status messages and checkins.<br \/><br \/><\/p><p><strong>Display and Remarketing<\/strong><\/p><p>This website has implemented and uses Display Advertising.<\/p><p>The Google Analytics features we\u2019ve implemented is based on Displayed Advertising.<\/p><p>Visitors can opt-out of Google Analytics for Display Advertising and customize Google Display Network ads using the Ads Preferences Manager.<\/p><p><a href=\"https:\/\/www.google.com\/settings\/ads\/onweb\/\" target=\"_blank\" rel=\"noopener\">https:\/\/www.google.com\/settings\/ads\/onweb\/<\/a><\/p><p>Google Analytics opt-out browser add-on \u2013<\/p><p><a href=\"https:\/\/tools.google.com\/dlpage\/gaoptout\/\" target=\"_blank\" rel=\"noopener\">https:\/\/tools.google.com\/dlpage\/gaoptout\/<\/a><\/p><p>We use Remarketing with Google Analytics to advertise online.<\/p><p>Third-party vendors, including Google, show our ads on sites across the Internet.<\/p><p>Third-party vendors, including Google, use first-party cookies (such as the Google Analytics cookie) and third-party cookies (such as the DoubleClick cookie) together to inform, optimize, and serve ads based on someone\u2019s past visits to this website.<\/p><p>\u00a0<\/p><p><strong>3. Linking to Third Party Websites<\/strong><\/p><p>The Site may contain links to third-party websites. These links are provided solely as a convenience to visitors to the Site and not as an endorsement by \u014cku &#8211; 64 | Oak of the contents of such third-party sites. \u014cku &#8211; 64 | Oak disclaims all responsibility for the privacy practices, policies, or other privacy related matters associated with the third\u2013party websites to which the Site is linked. \u014cku &#8211; 64 | Oak recommends that visitors who link to third-party websites through the Site thoroughly review the privacy policies of those third-party websites prior to providing personal information.<\/p><p>\u00a0<\/p><p><strong>4. Why Does \u014cku &#8211; 64 | Oak Collect, Use and Disclose Personal Information?<\/strong><\/p><p>\u014cku &#8211; 64 | Oak collects Personal Information submitted by visitors to the Site as follows:<\/p><p>\u2013 through the \u201cContact\u201d portion of the Site; or \u2013 when a visitor subscribes to receive updates and priority purchase information from \u014cku &#8211; 64 | Oak.<\/p><p>This Personal Information is used by \u014cku &#8211; 64 | Oak to establish or manage its relationship with visitors to the Site, to respond to the queries of visitors to the Site and to facilitate a visitor\u2019s receipt of \u014cku &#8211; 64 | Oak information such as through updates and priority purchase information, e-mail push pages and our newsletter. You will not receive this information unless you have expressly signed-up to receive it, and individuals receiving these communications can opt out at any time.<\/p><p>If \u014cku &#8211; 64 | Oak requires the Personal Information that has been collected for other purposes other than expressly set out at the time of collection, it will identify and document any new purposes in accordance with Privacy Legislation and obtain consent of the individual where required.<br \/><br \/><\/p><p><strong>5. Providing Consent<\/strong><\/p><p>By providing Personal Information to \u014cku &#8211; 64 | Oak through the Site, a visitor\u2019s consent to \u014cku &#8211; 64 | Oak using that Personal Information for the identified purposes is implied by Privacy Legislation.<\/p><p>Individuals who have provided \u014cku &#8211; 64 | Oak with their Personal Information may withdraw their consent to the collection, use and disclosure of Personal Information at any time upon reasonable written notice to \u014cku &#8211; 64 | Oak\u2019s Privacy Officer, subject to legal or contractual restrictions. The withdrawal of an individual\u2019s consent may affect \u014cku &#8211; 64 | Oak\u2019s ability to continue to provide an individual with the products and services that the individual has or would like to receive.<\/p><p>\u014cku &#8211; 64 | Oak reserves the right to disclose Personal Information: (a) if such disclosure is made pursuant to a legal proceeding or as required\/compelled by law; (b) to another business entity if Ulmus Oku Development Ltd. plans to merge with or be acquired by that business entity; (c) to organizations involved in a merger involving Ulmus Oku Development Ltd. or a transfer or sale of our shares, assets or business; or (d) to employees, agents and representatives of Ulmus Oku Development Ltd. who have a need to know such information in connection with running or managing the Site or providing products or services pursuant to the Site. Other than these stated purposes, \u014cku &#8211; 64 | Oak will not disclose personal information without express written permission.<\/p><p>\u014cku &#8211; 64 | Oak will never sell your information to any other third party. Information used for marketing purposes will always be presented as anonymous, aggregate data. No individual will be singled out.<\/p><p>\u00a0<\/p><p><strong>6. Protection of Personal Information<\/strong><\/p><p>Physical, technical and procedural safeguards are utilized by \u014cku &#8211; 64 | Oak to protect the Personal Information provided to it from loss, theft, unauthorized access, disclosure, use, modification or destruction. The nature of the safeguards will vary depending upon the sensitivity of the Personal Information collected.<\/p><p>While \u014cku &#8211; 64 | Oak endeavours to protect and secure the Personal Information provided to it through the Site, data transmissions over the Internet are always subject to some risk of unauthorized access or disclosure. As a result, \u014cku &#8211; 64 | Oak does not warrant the security of the Personal Information provided to it through the Site and visitors assume any risk associated with the transmission of that Personal Information.<\/p><p>\u00a0<\/p><p><strong>7. Accuracy of Personal Information<\/strong><\/p><p>\u014cku &#8211; 64 | Oak will maintain the Personal Information provided to it for as long as it is reasonable and necessary to do so. Individuals have the responsibility of providing \u014cku &#8211; 64 | Oak with updates or changes to their Personal Information to ensure its currency and accuracy.<\/p><p>\u00a0<\/p><p><strong>8. Individual Access to Personal Information<\/strong><\/p><p>Upon written request, \u014cku &#8211; 64 | Oak will provide individuals with the opportunity to review the Personal Information that \u014cku &#8211; 64 | Oak has collected regarding them in accordance with the requirements of Privacy Legislation. \u014cku &#8211; 64 | Oak will advise the individual in advance of any charges for retrieval, reproduction or delivery of the Personal Information requested.<\/p><p>In certain situations as specified in Privacy Legislation, \u014cku &#8211; 64 | Oak may not be able to provide access to all the Personal Information that it holds about an individual. If, upon a request being made by an individual, access to her or her Personal Information cannot be provided, \u014cku &#8211; 64 | Oak will provide the reasons for denying access.<\/p><p>\u00a0<\/p><p><strong>9. Changes to the this Privacy Policy<\/strong><\/p><p>\u014cku &#8211; 64 | Oak reserves the right to amend this Privacy Policy at any time, including but not limited to comply with applicable laws. If \u014cku &#8211; 64 | Oakk decides to amend this Privacy Policy, it will post the amended terms on the Site. Posting of amended terms shall constitute notice to you of such amendments, and all amended terms shall be effective immediately upon being posted to the Site. You are advised to check it each time you use the Website in order to ensure that you are aware of any changes and that they are acceptable to you. Your continued use of the Site after such modifications will constitute your: (a)acknowledgement of the modified Privacy Policy; and (b)agreement to abide and be bound by the modified Privacy Policy.<\/p><p>\u00a0<\/p><p><strong>10. Responding to Inquiries or Concerns<\/strong><\/p><p>\u014cku &#8211; 64 | Oak will maintain procedures for addressing and responding to all inquiries or complaints from individuals about \u014cku &#8211; 64 | Oak\u2019s handling of Personal Information. \u014cku &#8211; 64 | Oak will investigate all complaints concerning compliance with this Website Privacy Policy. If a complaint is found to be justified, \u014cku &#8211; 64 | Oak will take appropriate measures to resolve the complaint including, if necessary, amending its policies and procedures. An individual will be informed of the outcome of the investigation regarding his or her complaint.<\/p><p>\u00a0<\/p><p><strong>11. \u014cku &#8211; 64 | Oak\u2019s Privacy Officer<\/strong><\/p><p>The person currently designated as \u014cku &#8211; 64 | Oak\u2019s Privacy Officer is Wendy Wang and can be reached at <a href=\"mailto:info@ulmus.ca\">info@ulmus.ca<\/a>.<\/p>\t\t\t\t\t\t\t\t<\/div>\n\t\t\t\t<\/div>\n\t\t\t\t\t<\/div>\n\t\t<\/div>\n\t\t\t\t\t<\/div>\n\t\t<\/section>\n\t\t\t\t<\/div>","protected":false},"excerpt":{"rendered":"<p>Privacy Policy Ulmus Oku Development Ltd. is the developer at \u014cku &#8211; 64 | Oak and is committed to collecting, using and disclosing the Personal Information provided to it by visitors to the \u014cku &#8211; 64 | Oak website found at: https:\/\/okuliving.com\/ (the \u201cSite\u201d) in compliance with all applicable federal and provincial privacy laws in [&hellip;]<\/p>\n","protected":false},"author":3,"featured_media":0,"parent":0,"menu_order":100,"comment_status":"closed","ping_status":"closed","template":"elementor_header_footer","meta":{"footnotes":""},"class_list":["post-3014","page","type-page","status-publish","hentry"],"yoast_head":"<!-- This site is optimized with the Yoast SEO plugin v27.3 - https:\/\/yoast.com\/product\/yoast-seo-wordpress\/ -->\n<title>Privacy Policy - \u014cku - 64 | Oak<\/title>\n<meta name=\"robots\" content=\"index, follow, max-snippet:-1, max-image-preview:large, max-video-preview:-1\" \/>\n<link rel=\"canonical\" href=\"https:\/\/okuliving.com\/zh\/privacy-policy\/\" \/>\n<meta property=\"og:locale\" content=\"zh_CN\" \/>\n<meta property=\"og:type\" content=\"article\" \/>\n<meta property=\"og:title\" content=\"Privacy Policy - \u014cku - 64 | Oak\" \/>\n<meta property=\"og:description\" content=\"Privacy Policy Ulmus Oku Development Ltd. is the developer at \u014cku &#8211; 64 | Oak and is committed to collecting, using and disclosing the Personal Information provided to it by visitors to the \u014cku &#8211; 64 | Oak website found at: https:\/\/okuliving.com\/ (the \u201cSite\u201d) in compliance with all applicable federal and provincial privacy laws in [&hellip;]\" \/>\n<meta property=\"og:url\" content=\"https:\/\/okuliving.com\/zh\/privacy-policy\/\" \/>\n<meta property=\"og:site_name\" content=\"\u014cku - 64 | Oak\" \/>\n<meta property=\"article:modified_time\" content=\"2021-08-19T20:56:06+00:00\" \/>\n<meta name=\"twitter:card\" content=\"summary_large_image\" \/>\n<meta name=\"twitter:label1\" content=\"\u9884\u8ba1\u9605\u8bfb\u65f6\u95f4\" \/>\n\t<meta name=\"twitter:data1\" content=\"9 \u5206\" \/>\n<script type=\"application\/ld+json\" class=\"yoast-schema-graph\">{\"@context\":\"https:\\\/\\\/schema.org\",\"@graph\":[{\"@type\":\"WebPage\",\"@id\":\"https:\\\/\\\/okuliving.com\\\/privacy-policy\\\/\",\"url\":\"https:\\\/\\\/okuliving.com\\\/privacy-policy\\\/\",\"name\":\"Privacy Policy - \u014cku - 64 | Oak\",\"isPartOf\":{\"@id\":\"https:\\\/\\\/okuliving.com\\\/#website\"},\"datePublished\":\"2021-08-19T18:35:17+00:00\",\"dateModified\":\"2021-08-19T20:56:06+00:00\",\"breadcrumb\":{\"@id\":\"https:\\\/\\\/okuliving.com\\\/privacy-policy\\\/#breadcrumb\"},\"inLanguage\":\"zh-Hans\",\"potentialAction\":[{\"@type\":\"ReadAction\",\"target\":[\"https:\\\/\\\/okuliving.com\\\/privacy-policy\\\/\"]}]},{\"@type\":\"BreadcrumbList\",\"@id\":\"https:\\\/\\\/okuliving.com\\\/privacy-policy\\\/#breadcrumb\",\"itemListElement\":[{\"@type\":\"ListItem\",\"position\":1,\"name\":\"Home\",\"item\":\"https:\\\/\\\/okuliving.com\\\/\"},{\"@type\":\"ListItem\",\"position\":2,\"name\":\"Privacy Policy\"}]},{\"@type\":\"WebSite\",\"@id\":\"https:\\\/\\\/okuliving.com\\\/#website\",\"url\":\"https:\\\/\\\/okuliving.com\\\/\",\"name\":\"\u014cku - 64 | Oak\",\"description\":\"INNOVATIVE LIVING IN THE CENTRE OF THE WESTSIDE\",\"publisher\":{\"@id\":\"https:\\\/\\\/okuliving.com\\\/#organization\"},\"potentialAction\":[{\"@type\":\"SearchAction\",\"target\":{\"@type\":\"EntryPoint\",\"urlTemplate\":\"https:\\\/\\\/okuliving.com\\\/?s={search_term_string}\"},\"query-input\":{\"@type\":\"PropertyValueSpecification\",\"valueRequired\":true,\"valueName\":\"search_term_string\"}}],\"inLanguage\":\"zh-Hans\"},{\"@type\":\"Organization\",\"@id\":\"https:\\\/\\\/okuliving.com\\\/#organization\",\"name\":\"\u014cku - 64 | Oak\",\"url\":\"https:\\\/\\\/okuliving.com\\\/\",\"logo\":{\"@type\":\"ImageObject\",\"inLanguage\":\"zh-Hans\",\"@id\":\"https:\\\/\\\/okuliving.com\\\/#\\\/schema\\\/logo\\\/image\\\/\",\"url\":\"https:\\\/\\\/okuliving.com\\\/wp-content\\\/uploads\\\/2021\\\/08\\\/oku_logo.svg\",\"contentUrl\":\"https:\\\/\\\/okuliving.com\\\/wp-content\\\/uploads\\\/2021\\\/08\\\/oku_logo.svg\",\"caption\":\"\u014cku - 64 | Oak\"},\"image\":{\"@id\":\"https:\\\/\\\/okuliving.com\\\/#\\\/schema\\\/logo\\\/image\\\/\"}}]}<\/script>\n<!-- \/ Yoast SEO plugin. -->","yoast_head_json":{"title":"Privacy Policy - \u014cku - 64 | Oak","robots":{"index":"index","follow":"follow","max-snippet":"max-snippet:-1","max-image-preview":"max-image-preview:large","max-video-preview":"max-video-preview:-1"},"canonical":"https:\/\/okuliving.com\/zh\/privacy-policy\/","og_locale":"zh_CN","og_type":"article","og_title":"Privacy Policy - \u014cku - 64 | Oak","og_description":"Privacy Policy Ulmus Oku Development Ltd. is the developer at \u014cku &#8211; 64 | Oak and is committed to collecting, using and disclosing the Personal Information provided to it by visitors to the \u014cku &#8211; 64 | Oak website found at: https:\/\/okuliving.com\/ (the \u201cSite\u201d) in compliance with all applicable federal and provincial privacy laws in [&hellip;]","og_url":"https:\/\/okuliving.com\/zh\/privacy-policy\/","og_site_name":"\u014cku - 64 | Oak","article_modified_time":"2021-08-19T20:56:06+00:00","twitter_card":"summary_large_image","twitter_misc":{"\u9884\u8ba1\u9605\u8bfb\u65f6\u95f4":"9 \u5206"},"schema":{"@context":"https:\/\/schema.org","@graph":[{"@type":"WebPage","@id":"https:\/\/okuliving.com\/privacy-policy\/","url":"https:\/\/okuliving.com\/privacy-policy\/","name":"Privacy Policy - \u014cku - 64 | Oak","isPartOf":{"@id":"https:\/\/okuliving.com\/#website"},"datePublished":"2021-08-19T18:35:17+00:00","dateModified":"2021-08-19T20:56:06+00:00","breadcrumb":{"@id":"https:\/\/okuliving.com\/privacy-policy\/#breadcrumb"},"inLanguage":"zh-Hans","potentialAction":[{"@type":"ReadAction","target":["https:\/\/okuliving.com\/privacy-policy\/"]}]},{"@type":"BreadcrumbList","@id":"https:\/\/okuliving.com\/privacy-policy\/#breadcrumb","itemListElement":[{"@type":"ListItem","position":1,"name":"Home","item":"https:\/\/okuliving.com\/"},{"@type":"ListItem","position":2,"name":"Privacy Policy"}]},{"@type":"WebSite","@id":"https:\/\/okuliving.com\/#website","url":"https:\/\/okuliving.com\/","name":"\u014cku - 64 | Oak","description":"INNOVATIVE LIVING IN THE CENTRE OF THE WESTSIDE","publisher":{"@id":"https:\/\/okuliving.com\/#organization"},"potentialAction":[{"@type":"SearchAction","target":{"@type":"EntryPoint","urlTemplate":"https:\/\/okuliving.com\/?s={search_term_string}"},"query-input":{"@type":"PropertyValueSpecification","valueRequired":true,"valueName":"search_term_string"}}],"inLanguage":"zh-Hans"},{"@type":"Organization","@id":"https:\/\/okuliving.com\/#organization","name":"\u014cku - 64 | Oak","url":"https:\/\/okuliving.com\/","logo":{"@type":"ImageObject","inLanguage":"zh-Hans","@id":"https:\/\/okuliving.com\/#\/schema\/logo\/image\/","url":"https:\/\/okuliving.com\/wp-content\/uploads\/2021\/08\/oku_logo.svg","contentUrl":"https:\/\/okuliving.com\/wp-content\/uploads\/2021\/08\/oku_logo.svg","caption":"\u014cku - 64 | Oak"},"image":{"@id":"https:\/\/okuliving.com\/#\/schema\/logo\/image\/"}}]}},"_links":{"self":[{"href":"https:\/\/okuliving.com\/zh\/wp-json\/wp\/v2\/pages\/3014","targetHints":{"allow":["GET"]}}],"collection":[{"href":"https:\/\/okuliving.com\/zh\/wp-json\/wp\/v2\/pages"}],"about":[{"href":"https:\/\/okuliving.com\/zh\/wp-json\/wp\/v2\/types\/page"}],"author":[{"embeddable":true,"href":"https:\/\/okuliving.com\/zh\/wp-json\/wp\/v2\/users\/3"}],"replies":[{"embeddable":true,"href":"https:\/\/okuliving.com\/zh\/wp-json\/wp\/v2\/comments?post=3014"}],"version-history":[{"count":0,"href":"https:\/\/okuliving.com\/zh\/wp-json\/wp\/v2\/pages\/3014\/revisions"}],"wp:attachment":[{"href":"https:\/\/okuliving.com\/zh\/wp-json\/wp\/v2\/media?parent=3014"}],"curies":[{"name":"wp","href":"https:\/\/api.w.org\/{rel}","templated":true}]}}